{"id":1916,"date":"2023-03-17T14:02:08","date_gmt":"2023-03-17T13:02:08","guid":{"rendered":"https:\/\/www.podini-partners.it\/about\/"},"modified":"2023-05-10T09:48:16","modified_gmt":"2023-05-10T07:48:16","slug":"about","status":"publish","type":"page","link":"https:\/\/www.podini-partners.it\/de\/about\/","title":{"rendered":"\u00dcber uns"},"content":{"rendered":"\t\t<div data-elementor-type=\"wp-page\" data-elementor-id=\"1916\" class=\"elementor elementor-1916 elementor-653\" data-elementor-post-type=\"page\">\n\t\t\t\t<section class=\"elementor-element elementor-element-2e40b2c section-large e-flex e-con-boxed e-con e-parent\" data-id=\"2e40b2c\" data-element_type=\"container\" data-e-type=\"container\">\n\t\t\t\t\t<div class=\"e-con-inner\">\n\t\t\t\t<div class=\"elementor-element elementor-element-91780dc elementor-absolute elementor-widget elementor-widget-image\" data-id=\"91780dc\" data-element_type=\"widget\" data-e-type=\"widget\" data-settings=\"{&quot;_position&quot;:&quot;absolute&quot;}\" data-widget_type=\"image.default\">\n\t\t\t\t<div class=\"elementor-widget-container\">\n\t\t\t\t\t\t\t\t\t\t\t\t\t\t\t<img fetchpriority=\"high\" decoding=\"async\" width=\"2476\" height=\"1006\" src=\"https:\/\/www.podini-partners.it\/wp-content\/uploads\/2023\/04\/podini-building-2.png\" class=\"attachment-full size-full wp-image-1915\" alt=\"\" srcset=\"https:\/\/www.podini-partners.it\/wp-content\/uploads\/2023\/04\/podini-building-2.png 2476w, https:\/\/www.podini-partners.it\/wp-content\/uploads\/2023\/04\/podini-building-2-300x122.png 300w, https:\/\/www.podini-partners.it\/wp-content\/uploads\/2023\/04\/podini-building-2-1024x416.png 1024w, https:\/\/www.podini-partners.it\/wp-content\/uploads\/2023\/04\/podini-building-2-768x312.png 768w, https:\/\/www.podini-partners.it\/wp-content\/uploads\/2023\/04\/podini-building-2-1536x624.png 1536w, https:\/\/www.podini-partners.it\/wp-content\/uploads\/2023\/04\/podini-building-2-2048x832.png 2048w\" sizes=\"(max-width: 2476px) 100vw, 2476px\" \/>\t\t\t\t\t\t\t\t\t\t\t\t\t\t\t<\/div>\n\t\t\t\t<\/div>\n\t\t\t\t<div class=\"elementor-element elementor-element-315d7fd elementor-absolute elementor-widget elementor-widget-heading\" data-id=\"315d7fd\" data-element_type=\"widget\" data-e-type=\"widget\" data-settings=\"{&quot;_position&quot;:&quot;absolute&quot;}\" data-widget_type=\"heading.default\">\n\t\t\t\t<div class=\"elementor-widget-container\">\n\t\t\t\t\t<h1 class=\"elementor-heading-title elementor-size-default\">\u00dcber uns<\/h1>\t\t\t\t<\/div>\n\t\t\t\t<\/div>\n\t\t\t\t\t<\/div>\n\t\t\t\t<\/section>\n\t\t<div class=\"elementor-element elementor-element-12fd543 e-flex e-con-boxed e-con e-parent\" data-id=\"12fd543\" data-element_type=\"container\" data-e-type=\"container\">\n\t\t\t\t\t<div class=\"e-con-inner\">\n\t\t\t\t<div class=\"elementor-element elementor-element-6d66873 elementor-widget elementor-widget-heading\" data-id=\"6d66873\" data-element_type=\"widget\" data-e-type=\"widget\" data-widget_type=\"heading.default\">\n\t\t\t\t<div class=\"elementor-widget-container\">\n\t\t\t\t\t<h2 class=\"elementor-heading-title elementor-size-default\">Solide und effizient<\/h2>\t\t\t\t<\/div>\n\t\t\t\t<\/div>\n\t\t\t\t<div class=\"elementor-element elementor-element-7f70695 elementor-widget elementor-widget-text-editor\" data-id=\"7f70695\" data-element_type=\"widget\" data-e-type=\"widget\" data-widget_type=\"text-editor.default\">\n\t\t\t\t<div class=\"elementor-widget-container\">\n\t\t\t\t\t\t\t\t\t<p class=\"p1\">Die Soziet\u00e4t Podini&amp;Partners wurde aus einer langj\u00e4hrigen Zusammenarbeit von mehreren S\u00fcdtiroler Steuerberatern heraus gegr\u00fcndet. Podini&amp;Partners bietet den Kunden kompetente Unterst\u00fctzung bei allen ordentlichen und au\u00dferordentlichen Gesch\u00e4ften, die mit der Verwaltung des Unternehmens oder des Privatverm\u00f6gens zusammenh\u00e4ngen. Unsere Fachleute stehen den Kunden in allen Produktionsbereichen mit hochqualifizierter Beratung in verschiedenen Bereichen (Steuer-, Gesellschafts-, Wirtschafts-, Unternehmens- und Arbeitsrecht) zur Seite.<\/p>\t\t\t\t\t\t\t\t<\/div>\n\t\t\t\t<\/div>\n\t\t\t\t\t<\/div>\n\t\t\t\t<\/div>\n\t\t<div class=\"elementor-element elementor-element-b77fc9f e-flex e-con-boxed e-con e-parent\" data-id=\"b77fc9f\" data-element_type=\"container\" data-e-type=\"container\" data-settings=\"{&quot;background_background&quot;:&quot;classic&quot;}\">\n\t\t\t\t\t<div class=\"e-con-inner\">\n\t\t\t\t<div class=\"elementor-element elementor-element-b622cdb elementor-widget elementor-widget-heading\" data-id=\"b622cdb\" data-element_type=\"widget\" data-e-type=\"widget\" data-widget_type=\"heading.default\">\n\t\t\t\t<div class=\"elementor-widget-container\">\n\t\t\t\t\t<h2 class=\"elementor-heading-title elementor-size-default\">Internationale Ausrichtung<\/h2>\t\t\t\t<\/div>\n\t\t\t\t<\/div>\n\t\t\t\t<div class=\"elementor-element elementor-element-e0de714 elementor-widget elementor-widget-text-editor\" data-id=\"e0de714\" data-element_type=\"widget\" data-e-type=\"widget\" data-widget_type=\"text-editor.default\">\n\t\t\t\t<div class=\"elementor-widget-container\">\n\t\t\t\t\t\t\t\t\t<p class=\"p1\">Unser Team ist in der Lage, schnell auf die zunehmend internationale Dimension zu reagieren und grenz\u00fcberschreitende, mehrsprachige und sektor\u00fcbergreifende Beratung anzubieten. Insbesondere bieten unsere Fachleute Beratung in Italienisch, Deutsch, Englisch und Spanisch an. Wir f\u00f6rdern insbesondere die wirtschaftlichen Beziehungen zwischen italienischen und deutschen Unternehmen.<\/p><p class=\"p1\">Podini&amp;Partners ist Mitglied der Deutsch-Italienischen Handelskammer, einer wichtigen Institution, die seit \u00fcber 100 Jahren in Mailand ans\u00e4ssig ist und sich f\u00fcr die F\u00f6rderung der Wirtschaftsbeziehungen zwischen Italien und Deutschland und dem \u00fcbrigen Europa einsetzt: eine Br\u00fccke zu den ausl\u00e4ndischen M\u00e4rkten, die unseren Kunden zugute kommt.<\/p>\t\t\t\t\t\t\t\t<\/div>\n\t\t\t\t<\/div>\n\t\t<div class=\"elementor-element elementor-element-13b71cd e-flex e-con-boxed e-con e-parent\" data-id=\"13b71cd\" data-element_type=\"container\" data-e-type=\"container\">\n\t\t\t\t\t<div class=\"e-con-inner\">\n\t\t\t\t<div class=\"elementor-element elementor-element-3f9b419 elementor-widget elementor-widget-image\" data-id=\"3f9b419\" data-element_type=\"widget\" data-e-type=\"widget\" data-widget_type=\"image.default\">\n\t\t\t\t<div class=\"elementor-widget-container\">\n\t\t\t\t\t\t\t\t\t\t\t\t\t\t\t<img decoding=\"async\" width=\"1536\" height=\"359\" src=\"https:\/\/www.podini-partners.it\/wp-content\/uploads\/2023\/04\/ahk-1536x359.jpeg\" class=\"attachment-1536x1536 size-1536x1536 wp-image-1892\" alt=\"\" srcset=\"https:\/\/www.podini-partners.it\/wp-content\/uploads\/2023\/04\/ahk-1536x359.jpeg 1536w, https:\/\/www.podini-partners.it\/wp-content\/uploads\/2023\/04\/ahk-300x70.jpeg 300w, https:\/\/www.podini-partners.it\/wp-content\/uploads\/2023\/04\/ahk-1024x239.jpeg 1024w, https:\/\/www.podini-partners.it\/wp-content\/uploads\/2023\/04\/ahk-768x179.jpeg 768w, https:\/\/www.podini-partners.it\/wp-content\/uploads\/2023\/04\/ahk-2048x478.jpeg 2048w\" sizes=\"(max-width: 1536px) 100vw, 1536px\" \/>\t\t\t\t\t\t\t\t\t\t\t\t\t\t\t<\/div>\n\t\t\t\t<\/div>\n\t\t\t\t\t<\/div>\n\t\t\t\t<\/div>\n\t\t\t\t\t<\/div>\n\t\t\t\t<\/div>\n\t\t<div class=\"elementor-element elementor-element-c3f2013 e-flex e-con-boxed e-con e-parent\" data-id=\"c3f2013\" data-element_type=\"container\" data-e-type=\"container\">\n\t\t\t\t\t<div class=\"e-con-inner\">\n\t\t\t\t<div class=\"elementor-element elementor-element-3cef4e1 elementor-widget elementor-widget-heading\" data-id=\"3cef4e1\" data-element_type=\"widget\" data-e-type=\"widget\" data-widget_type=\"heading.default\">\n\t\t\t\t<div class=\"elementor-widget-container\">\n\t\t\t\t\t<h2 class=\"elementor-heading-title elementor-size-default\">Absolute Individualisierung<\/h2>\t\t\t\t<\/div>\n\t\t\t\t<\/div>\n\t\t\t\t<div class=\"elementor-element elementor-element-83f24ac elementor-widget elementor-widget-text-editor\" data-id=\"83f24ac\" data-element_type=\"widget\" data-e-type=\"widget\" data-widget_type=\"text-editor.default\">\n\t\t\t\t<div class=\"elementor-widget-container\">\n\t\t\t\t\t\t\t\t\t<p class=\"p1\">Wir stellen die spezifischen Bed\u00fcrfnisse eines jeden Kunden in den Mittelpunkt unserer Dienstleistung. Durch die Professionalit\u00e4t des soliden und hochqualifizierten Teams, entwickeln wir ein Vertrauensverh\u00e4ltnis zu unseren Kunden, das mit der Zeit w\u00e4chst. Auf dieser Grundlage sind wir stets in der Lage, konkrete und zielgerichtete Antworten zu geben, die den Kunden zufrieden stellen.<\/p>\t\t\t\t\t\t\t\t<\/div>\n\t\t\t\t<\/div>\n\t\t\t\t\t<\/div>\n\t\t\t\t<\/div>\n\t\t<div class=\"elementor-element elementor-element-72ac619 e-flex e-con-boxed e-con e-parent\" data-id=\"72ac619\" data-element_type=\"container\" data-e-type=\"container\">\n\t\t\t\t\t<div class=\"e-con-inner\">\n\t\t\t\t<div class=\"elementor-element elementor-element-d9b1565 elementor-widget elementor-widget-heading\" data-id=\"d9b1565\" data-element_type=\"widget\" data-e-type=\"widget\" data-widget_type=\"heading.default\">\n\t\t\t\t<div class=\"elementor-widget-container\">\n\t\t\t\t\t<h2 class=\"elementor-heading-title elementor-size-default\">Der Wert des Teamworks<\/h2>\t\t\t\t<\/div>\n\t\t\t\t<\/div>\n\t\t\t\t<div class=\"elementor-element elementor-element-6c6d583 elementor-widget elementor-widget-text-editor\" data-id=\"6c6d583\" data-element_type=\"widget\" data-e-type=\"widget\" data-widget_type=\"text-editor.default\">\n\t\t\t\t<div class=\"elementor-widget-container\">\n\t\t\t\t\t\t\t\t\t<p class=\"p1\">Die Fachleute von Podini&amp;Partners teilen die Einstellung zu ihrem Beruf, die auf Engagement, Integrit\u00e4t und Verantwortung beruht. Auf der Grundlage dieser gemeinsamen Werte arbeiten wir am kontinuierlichen Ausbau des Teams, im Bewusstsein, dass Schulung und Fortbildung die wesentlichen S\u00e4ulen sind, um in einem immer komplexeren und wettbewerbsintensiveren wirtschaftlichen Umfeld hohe berufliche Standards zu gew\u00e4hrleisten.<\/p>\t\t\t\t\t\t\t\t<\/div>\n\t\t\t\t<\/div>\n\t\t\t\t\t<\/div>\n\t\t\t\t<\/div>\n\t\t\t\t<\/div>\n\t\t","protected":false},"excerpt":{"rendered":"<p>\u00dcber uns Solide und effizient Die Soziet\u00e4t Podini&amp;Partners wurde aus einer langj\u00e4hrigen Zusammenarbeit von mehreren S\u00fcdtiroler Steuerberatern heraus gegr\u00fcndet. Podini&amp;Partners bietet den Kunden kompetente Unterst\u00fctzung bei allen ordentlichen und au\u00dferordentlichen Gesch\u00e4ften, die mit der Verwaltung des Unternehmens oder des Privatverm\u00f6gens zusammenh\u00e4ngen. Unsere Fachleute stehen den Kunden in allen Produktionsbereichen mit hochqualifizierter Beratung in verschiedenen Bereichen [&hellip;]<\/p>\n","protected":false},"author":1,"featured_media":0,"parent":0,"menu_order":0,"comment_status":"closed","ping_status":"closed","template":"","meta":{"_acf_changed":false,"footnotes":""},"class_list":["post-1916","page","type-page","status-publish","hentry"],"acf":[],"_links":{"self":[{"href":"https:\/\/www.podini-partners.it\/de\/wp-json\/wp\/v2\/pages\/1916","targetHints":{"allow":["GET"]}}],"collection":[{"href":"https:\/\/www.podini-partners.it\/de\/wp-json\/wp\/v2\/pages"}],"about":[{"href":"https:\/\/www.podini-partners.it\/de\/wp-json\/wp\/v2\/types\/page"}],"author":[{"embeddable":true,"href":"https:\/\/www.podini-partners.it\/de\/wp-json\/wp\/v2\/users\/1"}],"replies":[{"embeddable":true,"href":"https:\/\/www.podini-partners.it\/de\/wp-json\/wp\/v2\/comments?post=1916"}],"version-history":[{"count":11,"href":"https:\/\/www.podini-partners.it\/de\/wp-json\/wp\/v2\/pages\/1916\/revisions"}],"predecessor-version":[{"id":2001,"href":"https:\/\/www.podini-partners.it\/de\/wp-json\/wp\/v2\/pages\/1916\/revisions\/2001"}],"wp:attachment":[{"href":"https:\/\/www.podini-partners.it\/de\/wp-json\/wp\/v2\/media?parent=1916"}],"curies":[{"name":"wp","href":"https:\/\/api.w.org\/{rel}","templated":true}]}}